{"id":71,"date":"2024-04-16T22:00:14","date_gmt":"2024-04-16T22:00:14","guid":{"rendered":"https:\/\/oferxa.com.es\/index.php\/producto\/b0cmtxf4bk\/"},"modified":"2024-04-16T22:00:14","modified_gmt":"2024-04-16T22:00:14","slug":"b0cmtxf4bk","status":"publish","type":"product","link":"https:\/\/oferxa.com.es\/index.php\/producto\/b0cmtxf4bk\/","title":{"rendered":"B0CMTXF4BK"},"content":{"rendered":"<p>&#8211; \u3010Llamadas Bluetooth &amp; Notificaciones\u3011S52 Reloj Inteligente Hombre Mujer tiene un micr\u00f3fono integrado y un altavoz de alta fidelidad que te permite hacer y recibir llamadas directamente, para que puedas disfrutar de la comodidad de hablar en cualquier momento. Adem\u00e1s, el smartwatch vibrar\u00e1 para avisarte cuando tu tel\u00e9fono m\u00f3vil reciba llamadas entrantes, mensajes de texto y mensajes de apps como WhatsApp, LinkedIn y Twitter, entre otras, para que no te pierdas ninguna informaci\u00f3n importante.<br \/>\n&#8211; \u3010Pantalla T\u00e1ctil HD de 1,39&#8243; &amp; Diales Personalizados\u3011S52 reloj inteligente equipado con una gran pantalla HD TFT en color de 1,39 pulgadas, que proporciona una visualizaci\u00f3n de im\u00e1genes clara y detallada con una reproducci\u00f3n del color m\u00e1s realista. La aplicaci\u00f3n \u00abGloryFit\u00bb te permite cambiar m\u00e1s de 200 esferas actualizadas constantemente en la biblioteca de esferas, y tambi\u00e9n puedes personalizar tu propia esfera de estilo \u00fanico cargando directamente la imagen que desees.<br \/>\n&#8211; \u3010Controle Su Salud Las 24 Horas Del D\u00eda\u3011Este smartwatch hombre incorporado un sensor \u00f3ptico de alta calidad con funciones de monitorizaci\u00f3n ininterrumpida de la frecuencia cardiaca y el ox\u00edgeno en sangre las 24 horas del d\u00eda, lo que le permite controlar su salud en tiempo real. S52 smartwatch tambi\u00e9n est\u00e1 equipado con un monitor del sue\u00f1o que analiza la calidad de su sue\u00f1o, incluye sue\u00f1o profundo y ligero. Puede ver los datos detallados en la aplicaci\u00f3n para ayudarle a ajustar su estilo de vida.<br \/>\n&#8211; \u3010110+ Modo Deportivo &amp; IP68 Impermeable\u3011Este reloj deportivo hombre y mujer soporta hasta 110+ modos de deporte, que pueden satisfacer sus necesidades para varios deportes incluyendo correr, caminar y as\u00ed sucesivamente. Mientras tanto, registra los datos de su ejercicio en la APP correspondiente, incluyendo pasos, calor\u00edas quemadas, distancia. Adem\u00e1s, este reloj deportivo es resistente al agua con certificaci\u00f3n IP68, por lo que no tendr\u00e1 que preocuparse de que la lluvia o el sudor lo da\u00f1en.<br \/>\n&#8211; \u3010Bajo Consumo &amp; Amplia Compatibilidad\u3011Este smartwatch mujer Equipado con un chip de bajo consumo y una gran bater\u00eda de 300 mAh, puede utilizarse durante aproximadamente 7 d\u00edas de uso continuo y hasta 30 d\u00edas en modo de espera. El smart watch es compatible con smartphones con Android 9.0 o iOS 10.0 o posterior. No dude en ponerse en contacto con nosotros si tiene alguna pregunta durante el uso.<\/p>\n","protected":false},"excerpt":{"rendered":"<p>IDEALROYAL S52 Reloj Inteligente Hombre, 1.39&#8243; Smartwatch con Llamadas Bluetooth, Puls\u00f3metro, Monitor de Sue\u00f1o, Deportivos Impermeable IP68 Pulsera Actividad con 110+ Modos Deportivos para Android iOS<\/p>\n","protected":false},"featured_media":70,"comment_status":"open","ping_status":"closed","template":"","meta":[],"product_cat":[15],"product_tag":[],"class_list":{"0":"post-71","1":"product","2":"type-product","3":"status-publish","4":"has-post-thumbnail","6":"product_cat-sin-categorizar","8":"first","9":"instock","10":"shipping-taxable","11":"product-type-external"},"_links":{"self":[{"href":"https:\/\/oferxa.com.es\/index.php\/wp-json\/wp\/v2\/product\/71","targetHints":{"allow":["GET"]}}],"collection":[{"href":"https:\/\/oferxa.com.es\/index.php\/wp-json\/wp\/v2\/product"}],"about":[{"href":"https:\/\/oferxa.com.es\/index.php\/wp-json\/wp\/v2\/types\/product"}],"replies":[{"embeddable":true,"href":"https:\/\/oferxa.com.es\/index.php\/wp-json\/wp\/v2\/comments?post=71"}],"wp:featuredmedia":[{"embeddable":true,"href":"https:\/\/oferxa.com.es\/index.php\/wp-json\/wp\/v2\/media\/70"}],"wp:attachment":[{"href":"https:\/\/oferxa.com.es\/index.php\/wp-json\/wp\/v2\/media?parent=71"}],"wp:term":[{"taxonomy":"product_cat","embeddable":true,"href":"https:\/\/oferxa.com.es\/index.php\/wp-json\/wp\/v2\/product_cat?post=71"},{"taxonomy":"product_tag","embeddable":true,"href":"https:\/\/oferxa.com.es\/index.php\/wp-json\/wp\/v2\/product_tag?post=71"}],"curies":[{"name":"wp","href":"https:\/\/api.w.org\/{rel}","templated":true}]}}