{"id":63,"date":"2024-04-16T15:06:56","date_gmt":"2024-04-16T15:06:56","guid":{"rendered":"https:\/\/oferxa.com.es\/index.php\/producto\/b0chvrty1j\/"},"modified":"2024-04-16T15:06:56","modified_gmt":"2024-04-16T15:06:56","slug":"b0chvrty1j","status":"publish","type":"product","link":"https:\/\/oferxa.com.es\/index.php\/producto\/b0chvrty1j\/","title":{"rendered":"B0CHVRTY1J"},"content":{"rendered":"<p>&#8211; \u27a4\u3010Reloj Inteligente Hombre\u3011: Smartwatch hombre con pantalla t\u00e1ctil completa de 1,39 pulgadas adopta una pantalla circular de alta definici\u00f3n con resoluci\u00f3n TFT de 360 \u200b\u200b* 360. Hay 3 juegos en el reloj inteligente para ayudarte a aliviar el estr\u00e9s. El relojes inteligentes hombre viene con una funci\u00f3n de ejercicio respiratorio que le permite controlar su condici\u00f3n f\u00edsica en cualquier momento. Reloj deportivo hombre tiene m\u00e1s de 300 esferas de reloj y admite esferas de reloj de bricolaje<br \/>\n&#8211; \u27a4\u3010Seguimiento de Actividad\u3011: Smart watch tiene 114 modos deportivos y los modos deportivos se pueden personalizar en la aplicaci\u00f3n para agregarlos al relojes inteligentes. El reloj deportivo admite un seguimiento de calor\u00edas, pasos, distancia y otros datos las 24 horas. Puede ajustar su ejercicio utilizando el cron\u00f3metro\/temporizador y las funciones de entrenamiento de respiraci\u00f3n del reloj hombre inteligente<br \/>\n&#8211; \u27a4\u3010Reloj Inteligente con Funci\u00f3n de Llamada\u3011: Relogio inteligente hombre admite crear\/recibir\/sincronizar libreta de direcciones\/registros de llamadas. Reloj digital hombre admiten recordatorios de informaci\u00f3n inteligentes, como recordatorios de informaci\u00f3n, recordatorios de agua potable, recordatorios de sedentarismo, etc. Smart watch men tambi\u00e9n cuentan con asistentes de voz, calculadoras y calendarios para hacer tu vida m\u00e1s inteligente<br \/>\n&#8211; \u27a4\u3010Asistente de Salud\u3011: Reloj smartwatch hombre mide tu frecuencia card\u00edaca, presi\u00f3n arterial y ox\u00edgeno en sangre y registra datos que ayudan a optimizar tu entrenamiento. El relojes deportivos puede monitorear autom\u00e1ticamente su sue\u00f1o nocturno y registrarlo para analizar la calidad del sue\u00f1o y ayudarlo a ajustar su tiempo de sue\u00f1o. Puedes despertarlo al d\u00eda siguiente con el despertador del relojes deportivos hombre<br \/>\n&#8211; \u27a4\u3010Compatibilidad y Multifuncionalidad\u3011: Reloj tactil con whatsapp es compatible con tel\u00e9fonos inteligentes Android e iOS. Los smartwatch con whatsapp tienen funciones \u00fatiles, como configuraci\u00f3n de contrase\u00f1a, pron\u00f3stico del tiempo, control de m\u00fasica, control de c\u00e1mara, ajuste de brillo, modo no molestar, modo de ahorro de energ\u00eda, etc. Incluso el reloj inteligente llamadas y whatsapp tiene un nivel de impermeabilidad IP67, adecuado para el uso diario a prueba de agua<\/p>\n","protected":false},"excerpt":{"rendered":"<p>Reloj Inteligente Hombre Smartwatch con Llamadas &#8211; 1.39&#8243;Smart Watch Fitness Running Impermeable Podometro Pulsometro Presion Arterial Pulsera Actividad Redondo Reloj Deportivo Hombre para Android iOS<\/p>\n","protected":false},"featured_media":62,"comment_status":"open","ping_status":"closed","template":"","meta":[],"product_cat":[15],"product_tag":[],"class_list":{"0":"post-63","1":"product","2":"type-product","3":"status-publish","4":"has-post-thumbnail","6":"product_cat-sin-categorizar","8":"first","9":"instock","10":"shipping-taxable","11":"product-type-external"},"_links":{"self":[{"href":"https:\/\/oferxa.com.es\/index.php\/wp-json\/wp\/v2\/product\/63","targetHints":{"allow":["GET"]}}],"collection":[{"href":"https:\/\/oferxa.com.es\/index.php\/wp-json\/wp\/v2\/product"}],"about":[{"href":"https:\/\/oferxa.com.es\/index.php\/wp-json\/wp\/v2\/types\/product"}],"replies":[{"embeddable":true,"href":"https:\/\/oferxa.com.es\/index.php\/wp-json\/wp\/v2\/comments?post=63"}],"wp:featuredmedia":[{"embeddable":true,"href":"https:\/\/oferxa.com.es\/index.php\/wp-json\/wp\/v2\/media\/62"}],"wp:attachment":[{"href":"https:\/\/oferxa.com.es\/index.php\/wp-json\/wp\/v2\/media?parent=63"}],"wp:term":[{"taxonomy":"product_cat","embeddable":true,"href":"https:\/\/oferxa.com.es\/index.php\/wp-json\/wp\/v2\/product_cat?post=63"},{"taxonomy":"product_tag","embeddable":true,"href":"https:\/\/oferxa.com.es\/index.php\/wp-json\/wp\/v2\/product_tag?post=63"}],"curies":[{"name":"wp","href":"https:\/\/api.w.org\/{rel}","templated":true}]}}