{"id":59,"date":"2024-04-16T11:22:18","date_gmt":"2024-04-16T11:22:18","guid":{"rendered":"https:\/\/oferxa.com.es\/index.php\/producto\/b081g7c64p\/"},"modified":"2024-04-16T11:22:18","modified_gmt":"2024-04-16T11:22:18","slug":"b081g7c64p","status":"publish","type":"product","link":"https:\/\/oferxa.com.es\/index.php\/producto\/b081g7c64p\/","title":{"rendered":"B081G7C64P"},"content":{"rendered":"<p>&#8211; [Adi\u00f3s desorden] Si tu casa se est\u00e1 convirtiendo en un desastre de zapatos, \u00bfpor qu\u00e9 no organizarlos en este juego de 8 cajas de zapatos cl\u00e1sicas con cuerpo y puerta de entrada transparentes? Estar\u00e1 toda tu colecci\u00f3n en orden<br \/>\n&#8211; [Todo a la vista] No tienes que meter en tus cajas de zapatos para buscar tus zapatos de viaje todas las ma\u00f1anas, el cuerpo transparente con puerta frontal transparente te da un vistazo dentro de un mont\u00f3n con una facilidad de agarrar y correr<br \/>\n&#8211; [Montaje f\u00e1cil] Simplemente conecta la parte delantera, la trasera y el cuerpo y tendr\u00e1 estas cajas de zapatos con dimensiones internas de 31,2 x 22,5 x 13,5 cm, aptas hasta la talla 44, zapatillas deportivas, tacones y los zapatos planos tendr\u00e1n su lugar<br \/>\n&#8211; [Apiladas o una al lado de la otra] El dise\u00f1o de las ranuras en la parte inferior facilita la organizaci\u00f3n de las cajas de zapatos: puedes apilarlas o colocarlas una al lado de la otra; con los orificios de ventilaci\u00f3n, los zapatos respiran sin olores<br \/>\n&#8211; [Qu\u00e9 hay en la caja] Juego de 8 cajas de zapatos pl\u00e1sticos transparentes con puertas delanteras, dise\u00f1o plegable y apilable, orificios de ventilaci\u00f3n. Desp\u00eddete de los zapatos dispersos por todas partes y pon tus zapatos en orden ahora<\/p>\n","protected":false},"excerpt":{"rendered":"<p>SONGMICS Cajas de Zapatos Pl\u00e1stico, Juego de 8 Organizadores de Almacenamiento, Caja Zapatero Pl\u00e1stico Plegable y Apilable para Zapatillas hasta Talla 44, Transparente y Blanco LSP08SWT<\/p>\n","protected":false},"featured_media":58,"comment_status":"open","ping_status":"closed","template":"","meta":[],"product_cat":[15],"product_tag":[],"class_list":{"0":"post-59","1":"product","2":"type-product","3":"status-publish","4":"has-post-thumbnail","6":"product_cat-sin-categorizar","8":"first","9":"instock","10":"shipping-taxable","11":"product-type-external"},"_links":{"self":[{"href":"https:\/\/oferxa.com.es\/index.php\/wp-json\/wp\/v2\/product\/59","targetHints":{"allow":["GET"]}}],"collection":[{"href":"https:\/\/oferxa.com.es\/index.php\/wp-json\/wp\/v2\/product"}],"about":[{"href":"https:\/\/oferxa.com.es\/index.php\/wp-json\/wp\/v2\/types\/product"}],"replies":[{"embeddable":true,"href":"https:\/\/oferxa.com.es\/index.php\/wp-json\/wp\/v2\/comments?post=59"}],"wp:featuredmedia":[{"embeddable":true,"href":"https:\/\/oferxa.com.es\/index.php\/wp-json\/wp\/v2\/media\/58"}],"wp:attachment":[{"href":"https:\/\/oferxa.com.es\/index.php\/wp-json\/wp\/v2\/media?parent=59"}],"wp:term":[{"taxonomy":"product_cat","embeddable":true,"href":"https:\/\/oferxa.com.es\/index.php\/wp-json\/wp\/v2\/product_cat?post=59"},{"taxonomy":"product_tag","embeddable":true,"href":"https:\/\/oferxa.com.es\/index.php\/wp-json\/wp\/v2\/product_tag?post=59"}],"curies":[{"name":"wp","href":"https:\/\/api.w.org\/{rel}","templated":true}]}}