{"id":411,"date":"2024-04-30T16:00:32","date_gmt":"2024-04-30T16:00:32","guid":{"rendered":"https:\/\/oferxa.com.es\/index.php\/producto\/b00008xvet\/"},"modified":"2024-04-30T16:00:32","modified_gmt":"2024-04-30T16:00:32","slug":"b00008xvet","status":"publish","type":"product","link":"https:\/\/oferxa.com.es\/index.php\/producto\/b00008xvet\/","title":{"rendered":"B00008XVET"},"content":{"rendered":"<p>&#8211; Contenido: 1x cuchara para helado (longitud 21 cm, di\u00e1metro de la bola 5,5 cm) &#8211; N\u00famero de art\u00edculo: 1881746040<br \/>\n&#8211; Material: acero inoxidable Cromargan 18\/10, pulido &#8211; apto para lavavajillas, f\u00e1cil de cuidar, duradero, ins\u00edpido y resistente a los \u00e1cidos<br \/>\n&#8211; Porciones de bolas de helado muy r\u00e1pidas y sencillas desde la mu\u00f1eca, tambi\u00e9n adecuadas para helados muy duros. Puede ser utilizado por personas diestras y zurdas.<br \/>\n&#8211; Gracias al eyector, incluso el helado duro no se pega a la bola de helado. Un apret\u00f3n del expulsor y el helado siempre se puede servir en una bola de forma hermosa.<br \/>\n&#8211; La cuchara para helado tambi\u00e9n es ideal para porcionar arroz, yogur de frutas, masa para pasteles y galletas, bolas de mel\u00f3n, pur\u00e9 de patatas o incluso alb\u00f3ndigas.<\/p>\n","protected":false},"excerpt":{"rendered":"<p>WMF Gourmet &#8211; Cuchara para Bolas de Helado, Acero Inoxidable Cromargan Pulido<\/p>\n","protected":false},"featured_media":410,"comment_status":"open","ping_status":"closed","template":"","meta":[],"product_cat":[15],"product_tag":[],"class_list":{"0":"post-411","1":"product","2":"type-product","3":"status-publish","4":"has-post-thumbnail","6":"product_cat-sin-categorizar","8":"first","9":"instock","10":"shipping-taxable","11":"product-type-external"},"_links":{"self":[{"href":"https:\/\/oferxa.com.es\/index.php\/wp-json\/wp\/v2\/product\/411","targetHints":{"allow":["GET"]}}],"collection":[{"href":"https:\/\/oferxa.com.es\/index.php\/wp-json\/wp\/v2\/product"}],"about":[{"href":"https:\/\/oferxa.com.es\/index.php\/wp-json\/wp\/v2\/types\/product"}],"replies":[{"embeddable":true,"href":"https:\/\/oferxa.com.es\/index.php\/wp-json\/wp\/v2\/comments?post=411"}],"wp:featuredmedia":[{"embeddable":true,"href":"https:\/\/oferxa.com.es\/index.php\/wp-json\/wp\/v2\/media\/410"}],"wp:attachment":[{"href":"https:\/\/oferxa.com.es\/index.php\/wp-json\/wp\/v2\/media?parent=411"}],"wp:term":[{"taxonomy":"product_cat","embeddable":true,"href":"https:\/\/oferxa.com.es\/index.php\/wp-json\/wp\/v2\/product_cat?post=411"},{"taxonomy":"product_tag","embeddable":true,"href":"https:\/\/oferxa.com.es\/index.php\/wp-json\/wp\/v2\/product_tag?post=411"}],"curies":[{"name":"wp","href":"https:\/\/api.w.org\/{rel}","templated":true}]}}