{"id":34,"date":"2024-04-09T00:00:28","date_gmt":"2024-04-09T00:00:28","guid":{"rendered":"https:\/\/oferxa.com.es\/index.php\/producto\/b0bckhqgjn\/"},"modified":"2024-04-09T00:00:28","modified_gmt":"2024-04-09T00:00:28","slug":"b0bckhqgjn","status":"publish","type":"product","link":"https:\/\/oferxa.com.es\/index.php\/producto\/b0bckhqgjn\/","title":{"rendered":"B0BCKHQGJN"},"content":{"rendered":"<p>&#8211; HiFi Sonido Est\u00e9reo y ENC Cancelaci\u00f3n de Ruido: Auriculares inalambricos Bluetooth utilizan una unidad de altavoz profesional de 13mm que ofrece un sonido verdaderamente natural y aut\u00e9ntico y un potente rendimiento de graves. In-Ear Auriculares con 4 micr\u00f3fonos, La tecnolog\u00eda de ENC Reducci\u00f3n de Ruido se utiliza para garantizar se reduce el ruido del entorno y llamadas m\u00e1s claras, ofreci\u00e9ndole una alta calidad de est\u00e9reo de alta fidelidad superior.<br \/>\n&#8211; 36 Horas de Reproducci\u00f3n y Pantalla LED de Potencia: Los auriculares inal\u00e1mbricos deportivos brindan hasta 6-8 horas de uso con una sola carga, m\u00e1s un total de 36 horas de uso con el estuche de carga. El auricular bluetooth inal\u00e1mbrico tiene una funci\u00f3n de visualizaci\u00f3n de energ\u00eda LED, lo que facilita la verificaci\u00f3n de la potencia del auricular y el estuche de carga. La carga r\u00e1pida USB-C incluida facilitar\u00e1 sus actividades diarias como viajar y trabajar.<br \/>\n&#8211; Bluetooth 5.3 y Amplia Compatibilidad: Auriculares inalambricos est\u00e1n equipados con los chips Bluetooth 5.3 de nueva generaci\u00f3n, la velocidad de transferencia de datos es hasta 2 veces m\u00e1s r\u00e1pida que la generaci\u00f3n anterior, la conexi\u00f3n es m\u00e1s r\u00e1pida y estable. No hay desconexiones m\u00e1s frecuentes. Los cascos inalambricos deportivos funcionan perfectamente con la mayor\u00eda de los dispositivos habilitados para Bluetooth, como tel\u00e9fonos inteligentes, tabletas, Windows PC, iOS o Android.<br \/>\n&#8211; Dise\u00f1o Ergonomico y IP7 Impermeable: Auriculares running adopta un dise\u00f1o ergon\u00f3mico, proporciona diferentes tama\u00f1os de alta tapones para los o\u00eddos de silicona de calidad (S \/ M \/ L), audifonos inal\u00e1mbrico Bluetooth solo pesa 4 g, puede proporcionar un ajuste c\u00f3modo y firme al contorno de su oreja. La carcasa sellada y el nano-revestimiento interno pueden eliminar f\u00e1cilmente el sudor y la lluvia, lo que hace que los auricula inalambricos sean muy adecuados para deportes al aire libre.<br \/>\n&#8211; Emparejamiento R\u00e1pido y Control T\u00e1ctil: Despu\u00e9s de la primera combinaci\u00f3n entre A90 Pro y tu dispositivo ya no tendr\u00e1s que volver a conectarlos nuevamente, los auriculares in ear reconocer\u00e1n autom\u00e1ticamente su dispositivo. Los auriculares deportivos utilizan un chip t\u00e1ctil de alta precisi\u00f3n para ofrecerle un control t\u00e1ctil, puede contestar llamadas, colgar, reproducir \/ pausar m\u00fasica, ajustar el volumen y activar siri etc, con solo un toque de sus cascos inalambricos bluetooth.<\/p>\n","protected":false},"excerpt":{"rendered":"<p>Auriculares Inal\u00e1mbricos, Bluetooth 5.3 con HD Micr\u00f3fono HiFi Est\u00e9reo Pantalla LED, Reducci\u00f3n de Ruido, 13 mm Controlador din\u00e1mico,IP7 Impermeable 36H Cascos Negros<\/p>\n","protected":false},"featured_media":33,"comment_status":"open","ping_status":"closed","template":"","meta":[],"product_cat":[15],"product_tag":[],"class_list":{"0":"post-34","1":"product","2":"type-product","3":"status-publish","4":"has-post-thumbnail","6":"product_cat-sin-categorizar","8":"first","9":"instock","10":"shipping-taxable","11":"product-type-external"},"_links":{"self":[{"href":"https:\/\/oferxa.com.es\/index.php\/wp-json\/wp\/v2\/product\/34","targetHints":{"allow":["GET"]}}],"collection":[{"href":"https:\/\/oferxa.com.es\/index.php\/wp-json\/wp\/v2\/product"}],"about":[{"href":"https:\/\/oferxa.com.es\/index.php\/wp-json\/wp\/v2\/types\/product"}],"replies":[{"embeddable":true,"href":"https:\/\/oferxa.com.es\/index.php\/wp-json\/wp\/v2\/comments?post=34"}],"wp:featuredmedia":[{"embeddable":true,"href":"https:\/\/oferxa.com.es\/index.php\/wp-json\/wp\/v2\/media\/33"}],"wp:attachment":[{"href":"https:\/\/oferxa.com.es\/index.php\/wp-json\/wp\/v2\/media?parent=34"}],"wp:term":[{"taxonomy":"product_cat","embeddable":true,"href":"https:\/\/oferxa.com.es\/index.php\/wp-json\/wp\/v2\/product_cat?post=34"},{"taxonomy":"product_tag","embeddable":true,"href":"https:\/\/oferxa.com.es\/index.php\/wp-json\/wp\/v2\/product_tag?post=34"}],"curies":[{"name":"wp","href":"https:\/\/api.w.org\/{rel}","templated":true}]}}