{"id":17159,"date":"2026-03-31T10:54:10","date_gmt":"2026-03-31T10:54:10","guid":{"rendered":"https:\/\/oferxa.com.es\/index.php\/producto\/b0gtln3q9j\/"},"modified":"2026-03-31T10:54:10","modified_gmt":"2026-03-31T10:54:10","slug":"b0gtln3q9j","status":"publish","type":"product","link":"https:\/\/oferxa.com.es\/index.php\/producto\/b0gtln3q9j\/","title":{"rendered":"B0GTLN3Q9J"},"content":{"rendered":"<p>&#8211; \u3010Mini camaras espia 4K, nueva experiencia de actualizaci\u00f3n de p\u00edxeles\u3011: P\u00edxeles reci\u00e9n actualizados, la resoluci\u00f3n m\u00e1xima puede alcanzar 4K. Mejore a\u00fan m\u00e1s el efecto de imagen y la buena aplicabilidad de la mini camaras espia en un entorno de luz responsable, presentaci\u00f3n real y delicada, gran redondez del entorno de color y f\u00e1cil captura de detalles de imagen m\u00e1s ricos<br \/>\n&#8211; \u3010Los videos se pueden compartir, el amor no falta\u3011: los tel\u00e9fonos inteligentes pueden descargar aplicaciones para ver im\u00e1genes en tiempo real (la mini camaras espia solo admite Wi-Fi de 2,4 GHz). No importa d\u00f3nde se encuentre, puede acceder a la aplicaci\u00f3n y ver grabaciones en tiempo real. Puede usarlo para mantener seguro su hogar, almac\u00e9n, oficina, negocio, patio trasero o jard\u00edn.<br \/>\n&#8211; \u3010Bater\u00eda de gran capacidad incorporada, se puede usar durante 4-5 horas\u3011: bater\u00eda recargable incorporada de 1000 mAh, bloquea la energ\u00eda sin p\u00e9rdida y se puede usar continuamente durante4-5 horas cuando est\u00e1 completamente cargada. Viene con un fuerte cable de conexi\u00f3n USB, que puede grabar 24 horas ininterrumpidas mientras se carga, proporcionando suficiente energ\u00eda para la mini c\u00e1mara, incluso si viaja, no tiene que preocuparse por la situaci\u00f3n en el hogar, nunca se perder\u00e1 cada gran momento<br \/>\n&#8211; Visi\u00f3n nocturna a nivel de luz de estrellas, excelente protecci\u00f3n\u3011: El sensor de nivel de luz de estrellas de la mini camaras espia mejora a\u00fan m\u00e1s el rendimiento de detecci\u00f3n de luz, y la lente de gran apertura brinda el efecto de duplicar la luz entrante.Bajo las mismas condiciones de luz oscura, el La mini camaras espia AOBOCAM es mejor que otras c\u00e1maras ordinarias.Experiencia visual m\u00e1s rica, clara y detallada. La luz infrarroja LED de alta eficiencia, el filtro infrarrojo ICR autom\u00e1tico e incluye el modo diurno y nocturno, rompe los grilletes de la luz ambiental, calidad de imagen clara, clara y oscura<br \/>\n&#8211; \u3010Detecci\u00f3n de movimiento inteligente, reducci\u00f3n de fallas de alarma no v\u00e1lidas\u3011 Para capturar el momento de movimiento del objeto detectado, la mini c\u00e1mara esp\u00eda adopta autom\u00e1ticamente una sensibilidad ISO m\u00e1s alta para garantizar una velocidad de obturaci\u00f3n m\u00e1s r\u00e1pida y capturarlo con el menor tiempo de exposici\u00f3n posible. La detecci\u00f3n del movimiento instant\u00e1neo de los objetos reduce el problema de las falsas alarmas\/alarmas nulas causadas por la interferencia de otros objetos<\/p>\n","protected":false},"excerpt":{"rendered":"<p>AOBOCAM C\u00e1mara Oculta 4K WiFi Interior\/Exterior \u2013 Mini C\u00e1mara Esp\u00eda con Visi\u00f3n Nocturna y Detecci\u00f3n de Movimiento, App Gratuita iOS\/Android, Vigilancia para Casa, Oficina, Coche, 2.4GHz (W06)<\/p>\n","protected":false},"featured_media":17158,"comment_status":"open","ping_status":"closed","template":"","meta":[],"product_cat":[15],"product_tag":[],"class_list":{"0":"post-17159","1":"product","2":"type-product","3":"status-publish","4":"has-post-thumbnail","6":"product_cat-sin-categorizar","8":"first","9":"instock","10":"shipping-taxable","11":"product-type-external"},"_links":{"self":[{"href":"https:\/\/oferxa.com.es\/index.php\/wp-json\/wp\/v2\/product\/17159","targetHints":{"allow":["GET"]}}],"collection":[{"href":"https:\/\/oferxa.com.es\/index.php\/wp-json\/wp\/v2\/product"}],"about":[{"href":"https:\/\/oferxa.com.es\/index.php\/wp-json\/wp\/v2\/types\/product"}],"replies":[{"embeddable":true,"href":"https:\/\/oferxa.com.es\/index.php\/wp-json\/wp\/v2\/comments?post=17159"}],"wp:featuredmedia":[{"embeddable":true,"href":"https:\/\/oferxa.com.es\/index.php\/wp-json\/wp\/v2\/media\/17158"}],"wp:attachment":[{"href":"https:\/\/oferxa.com.es\/index.php\/wp-json\/wp\/v2\/media?parent=17159"}],"wp:term":[{"taxonomy":"product_cat","embeddable":true,"href":"https:\/\/oferxa.com.es\/index.php\/wp-json\/wp\/v2\/product_cat?post=17159"},{"taxonomy":"product_tag","embeddable":true,"href":"https:\/\/oferxa.com.es\/index.php\/wp-json\/wp\/v2\/product_tag?post=17159"}],"curies":[{"name":"wp","href":"https:\/\/api.w.org\/{rel}","templated":true}]}}