{"id":1451,"date":"2024-06-03T04:00:41","date_gmt":"2024-06-03T04:00:41","guid":{"rendered":"https:\/\/oferxa.com.es\/index.php\/producto\/b0000zdcic\/"},"modified":"2024-06-03T04:00:41","modified_gmt":"2024-06-03T04:00:41","slug":"b0000zdcic","status":"publish","type":"product","link":"https:\/\/oferxa.com.es\/index.php\/producto\/b0000zdcic\/","title":{"rendered":"B0000ZDCIC"},"content":{"rendered":"<p>&#8211; Para una silueta agradable: las copas del sujetador Hedona se adaptan perfectamente a cualquier pecho y dan una forma natural y elegante. Las p\u00e1ginas anchas y la parte trasera de corte redondo crean una silueta lisa. El escote se destaca por un estilo sencillo, pero muy femenino.<br \/>\n&#8211; Efecto Minimizer para grandes cops: este sujetador de tirantes de la serie Hedona ofrece un ligero efecto de Minimizer para grandes copas de gran tama\u00f1o. Gracias a la cesta gemoldeten parece la silueta \u00f3ptica delgada y da una forma agradable y natural.<br \/>\n&#8211; Invisible y elegante: el sujetador de camiseta Hedona se compone de tejido opaco y proporciona el grado adecuado de cobertura. Las copas sin costuras no se distinguen bajo la ropa. Este sujetador invisible se puede combinar f\u00e1cilmente con partes superiores estrechas. Las gu\u00edas decorativas en los tirantes y bordados contribuyen a un aspecto discreto.<br \/>\n&#8211; Sujeci\u00f3n \u00f3ptima: el tejido simple fijo, las barras de apoyo laterales y un poco m\u00e1s ancho garantizan un agarre ideal durante todo el d\u00eda. Los c\u00f3modos tirantes de este sujetador para mujer se pueden ajustar a toda la longitud. Un dise\u00f1o discreto y pr\u00e1ctico para un ajuste perfecto y un estilo femenino.<br \/>\n&#8211; NOW-HOW: m\u00e1s de 130 a\u00f1os de experiencia para lograr la perfecci\u00f3n ilimitada. Un segundo para sentirla. Chantelle es hoy l\u00edder mundial en la industria de lencer\u00eda francesa y sigue insistiendo en la innovaci\u00f3n y el valiente desarrollo de nuevos productos para el bienestar y la belleza de las mujeres.<\/p>\n","protected":false},"excerpt":{"rendered":"<p>Chantelle Hedona 2031, Sujetador con aros Mujer, Marr\u00f3n (Cafe Latte), 105B<\/p>\n","protected":false},"featured_media":1450,"comment_status":"open","ping_status":"closed","template":"","meta":[],"product_cat":[15],"product_tag":[],"class_list":{"0":"post-1451","1":"product","2":"type-product","3":"status-publish","4":"has-post-thumbnail","6":"product_cat-sin-categorizar","8":"first","9":"instock","10":"shipping-taxable","11":"product-type-external"},"_links":{"self":[{"href":"https:\/\/oferxa.com.es\/index.php\/wp-json\/wp\/v2\/product\/1451","targetHints":{"allow":["GET"]}}],"collection":[{"href":"https:\/\/oferxa.com.es\/index.php\/wp-json\/wp\/v2\/product"}],"about":[{"href":"https:\/\/oferxa.com.es\/index.php\/wp-json\/wp\/v2\/types\/product"}],"replies":[{"embeddable":true,"href":"https:\/\/oferxa.com.es\/index.php\/wp-json\/wp\/v2\/comments?post=1451"}],"wp:featuredmedia":[{"embeddable":true,"href":"https:\/\/oferxa.com.es\/index.php\/wp-json\/wp\/v2\/media\/1450"}],"wp:attachment":[{"href":"https:\/\/oferxa.com.es\/index.php\/wp-json\/wp\/v2\/media?parent=1451"}],"wp:term":[{"taxonomy":"product_cat","embeddable":true,"href":"https:\/\/oferxa.com.es\/index.php\/wp-json\/wp\/v2\/product_cat?post=1451"},{"taxonomy":"product_tag","embeddable":true,"href":"https:\/\/oferxa.com.es\/index.php\/wp-json\/wp\/v2\/product_tag?post=1451"}],"curies":[{"name":"wp","href":"https:\/\/api.w.org\/{rel}","templated":true}]}}