{"id":14,"date":"2024-04-08T08:07:02","date_gmt":"2024-04-08T08:07:02","guid":{"rendered":"https:\/\/oferxa.com.es\/index.php\/producto\/b096ytw72m\/"},"modified":"2024-04-08T08:07:02","modified_gmt":"2024-04-08T08:07:02","slug":"b096ytw72m","status":"publish","type":"product","link":"https:\/\/oferxa.com.es\/index.php\/producto\/b096ytw72m\/","title":{"rendered":"B096YTW72M"},"content":{"rendered":"<p>&#8211; AJUSTE CL\u00c1SICO: Ajuste amplio en la cadera y el muslo, con la pierna recta. Queda por la cintura.<br \/>\n&#8211; ROPA INFORMAL PARA IR A TRABAJAR: Estos pantalones de vestir sin pliegues delanteros se pueden llevar con una camisa de vestir o combinados con un blazer. Combina este producto con unos zapatos Derby y un cintur\u00f3n de cuero para hombre de Amazon Essentials como accesorios.<br \/>\n&#8211; DETALLES: Sutil detalle de cintura extensible que estira hasta 5 cm para ofrecerte comodidad durante todo el d\u00eda. Presenta una cortina en la cintura para un ajuste entallado, cierre de bot\u00f3n y bragueta con cremallera, bolsillos delanteros fuera de la costura y bolsillos traseros de doble ojal con bot\u00f3n.<br \/>\n&#8211; ABERTURA DE LA PIERNA: La talla 42 mide 22,2 cm.<\/p>\n","protected":false},"excerpt":{"rendered":"<p>Amazon Essentials Pantal\u00f3n de Vestir sin Pinzas de Cintura Expansible y Ajuste Cl\u00e1sico Hombre, Azul Marino, 36W \/ 32L<\/p>\n","protected":false},"featured_media":13,"comment_status":"open","ping_status":"closed","template":"","meta":[],"product_cat":[15],"product_tag":[],"class_list":{"0":"post-14","1":"product","2":"type-product","3":"status-publish","4":"has-post-thumbnail","6":"product_cat-sin-categorizar","8":"first","9":"instock","10":"shipping-taxable","11":"product-type-external"},"_links":{"self":[{"href":"https:\/\/oferxa.com.es\/index.php\/wp-json\/wp\/v2\/product\/14","targetHints":{"allow":["GET"]}}],"collection":[{"href":"https:\/\/oferxa.com.es\/index.php\/wp-json\/wp\/v2\/product"}],"about":[{"href":"https:\/\/oferxa.com.es\/index.php\/wp-json\/wp\/v2\/types\/product"}],"replies":[{"embeddable":true,"href":"https:\/\/oferxa.com.es\/index.php\/wp-json\/wp\/v2\/comments?post=14"}],"wp:featuredmedia":[{"embeddable":true,"href":"https:\/\/oferxa.com.es\/index.php\/wp-json\/wp\/v2\/media\/13"}],"wp:attachment":[{"href":"https:\/\/oferxa.com.es\/index.php\/wp-json\/wp\/v2\/media?parent=14"}],"wp:term":[{"taxonomy":"product_cat","embeddable":true,"href":"https:\/\/oferxa.com.es\/index.php\/wp-json\/wp\/v2\/product_cat?post=14"},{"taxonomy":"product_tag","embeddable":true,"href":"https:\/\/oferxa.com.es\/index.php\/wp-json\/wp\/v2\/product_tag?post=14"}],"curies":[{"name":"wp","href":"https:\/\/api.w.org\/{rel}","templated":true}]}}